{"id":1243,"date":"2023-01-19T16:12:02","date_gmt":"2023-01-19T16:12:02","guid":{"rendered":"https:\/\/budownictwokujawy.pl\/new\/?page_id=1243"},"modified":"2023-02-02T16:49:23","modified_gmt":"2023-02-02T16:49:23","slug":"osiedle-wiklinowe","status":"publish","type":"page","link":"https:\/\/budownictwokujawy.pl\/new\/mieszkania\/osiedle-wiklinowe\/","title":{"rendered":"Osiedle Wiklinowe"},"content":{"rendered":"\n<div class=\"wp-block-getwid-section alignfull margin-minus-wiklinowe alignfull\"><div class=\"wp-block-getwid-section__wrapper getwid-padding-top-medium\" style=\"min-height:50vh\"><div class=\"wp-block-getwid-section__inner-wrapper\"><div class=\"wp-block-getwid-section__background-holder\"><div class=\"wp-block-getwid-section__background has-background has-wpbf-palette-color-8-background-color\"><\/div><div class=\"wp-block-getwid-section__foreground\" style=\"background-image:url('https:\/\/budownictwokujawy.pl\/new\/wp-content\/uploads\/2023\/01\/baner_wiklinowa.png');background-position:top right;background-attachment:scroll;background-size:contain\"><\/div><\/div><div class=\"wp-block-getwid-section__content\"><div class=\"wp-block-getwid-section__inner-content\">\n<div class=\"is-layout-flex wp-container-3 wp-block-columns\">\n<div class=\"is-layout-flow wp-container-1 wp-block-column is-vertically-aligned-center getwid-anim fadeInUpShort\">\n<div class=\"wp-block-getwid-advanced-spacer getwid-hide-desktop getwid-hide-tablet\" style=\"height:28vh\" aria-hidden=\"true\"><\/div>\n\n\n\n<div class=\"wp-block-getwid-advanced-heading has-custom-font-size fs-mobile-50\" style=\"font-size:3em\"><h2 class=\"wp-block-getwid-advanced-heading__content\">Osiedle Wiklinowe. <br>Przeplatamy natur\u0119 <br>z nowoczesno\u015bci\u0105.<\/h2><\/div>\n<\/div>\n\n\n\n<div class=\"is-layout-flow wp-block-column\"><\/div>\n<\/div>\n<\/div><\/div><\/div><\/div><\/div>\n\n\n\n<div class=\"wp-block-getwid-section alignfull alignfull getwid-margin-top-large getwid-margin-bottom-medium\"><div class=\"wp-block-getwid-section__wrapper\"><div class=\"wp-block-getwid-section__inner-wrapper\"><div class=\"wp-block-getwid-section__background-holder\"><div class=\"wp-block-getwid-section__background has-background has-wpbf-palette-color-8-background-color\"><\/div><div class=\"wp-block-getwid-section__foreground\"><\/div><\/div><div class=\"wp-block-getwid-section__content\"><div class=\"wp-block-getwid-section__inner-content\">\n<div class=\"is-layout-flex wp-container-6 wp-block-columns\">\n<div class=\"is-layout-flow wp-container-4 wp-block-column getwid-anim fadeInUpShort\">\n<figure class=\"wp-block-image size-large is-resized\"><img decoding=\"async\" src=\"https:\/\/budownictwokujawy.pl\/new\/wp-content\/uploads\/2023\/01\/LOGO-wiklinowe-01.svg\" alt=\"Osiedle Wiklinowe\" class=\"wp-image-1147\" width=\"133\" height=\"150\"\/><\/figure>\n\n\n\n<div class=\"wp-block-getwid-advanced-heading\"><p class=\"wp-block-getwid-advanced-heading__content\">Inwestycja Osiedle Wiklinowe to zupe\u0142nie nowa jako\u015b\u0107 na terenie Che\u0142mna. Nowoczesne obiekty w zabudowie szeregowej, po\u0142o\u017cone na osiedlu domk\u00f3w jednorodzinnych zlokalizowane s\u0105 w p\u00f3\u0142nocno-wschodniej cz\u0119\u015bci miasta. Minimalistyczna architektura, proste bry\u0142y i stonowane kolory sprawiaj\u0105, \u017ce Osiedle Wiklinowe doskonale wkomponowuje si\u0119 w otoczenie i wsp\u00f3\u0142gra z istniej\u0105c\u0105 infrastruktur\u0119 miejsk\u0105, tworz\u0105c tym samym przyjazne i komfortowe miejsce do \u017cycia mieszka\u0144c\u00f3w. Zr\u00f3wnowa\u017cone budownictwo pozwoli\u0142o na stworzenie wyj\u0105tkowego miejsca dla wyj\u0105tkowych mieszka\u0144c\u00f3w.<br>&nbsp;<br>W inwestycji zaprojektowano 5 budynk\u00f3w dwulokalowych, w kt\u00f3rych znajduje si\u0119 10 funkcjonalnych mieszka\u0144 o podobnych uk\u0142adach i powierzchniach. Mieszkania s\u0105 podzielone na: parterowe wraz z dzia\u0142k\u0105 oraz pi\u0119trowe z osobnym wej\u015bciem. Przestrzenie mieszkaniowe powi\u0119kszaj\u0105 balkony, tarasy oraz przylegaj\u0105ce do parterowych mieszka\u0144 ogr\u00f3dki. Na zewn\u0105trz obiektu przygotowane s\u0105 dwa miejsca parkingowe dla ka\u017cdego z lokali.<br><br><mark style=\"background-color:rgba(0, 0, 0, 0)\" class=\"has-inline-color has-wpbf-palette-color-3-color\">ul. Wiklinowa, 86-200 Che\u0142mno<\/mark><\/p><\/div>\n<\/div>\n\n\n\n<div class=\"is-layout-flow wp-block-column is-vertically-aligned-center\">\n<figure class=\"wp-block-image size-large\"><a  class=\"glightbox\" href=\"https:\/\/budownictwokujawy.pl\/new\/wp-content\/uploads\/2023\/01\/wiklinowe-glowna.jpg\"><img decoding=\"async\" width=\"1024\" height=\"628\" src=\"https:\/\/budownictwokujawy.pl\/new\/wp-content\/uploads\/2023\/01\/wiklinowe-glowna-1024x628.jpg\" alt=\"Osiedle Wiklinowe\" class=\"wp-image-1849\" srcset=\"https:\/\/budownictwokujawy.pl\/new\/wp-content\/uploads\/2023\/01\/wiklinowe-glowna-1024x628.jpg 1024w, https:\/\/budownictwokujawy.pl\/new\/wp-content\/uploads\/2023\/01\/wiklinowe-glowna-300x184.jpg 300w, https:\/\/budownictwokujawy.pl\/new\/wp-content\/uploads\/2023\/01\/wiklinowe-glowna-768x471.jpg 768w, https:\/\/budownictwokujawy.pl\/new\/wp-content\/uploads\/2023\/01\/wiklinowe-glowna.jpg 1219w\" sizes=\"(max-width: 1024px) 100vw, 1024px\" \/><\/a><\/figure>\n<\/div>\n<\/div>\n<\/div><\/div><\/div><\/div><\/div>\n\n\n\n<div class=\"wp-block-getwid-section alignfull alignfull\"><div class=\"wp-block-getwid-section__wrapper getwid-padding-bottom-large\"><div class=\"wp-block-getwid-section__inner-wrapper\"><div class=\"wp-block-getwid-section__background-holder\"><div class=\"wp-block-getwid-section__background\"><\/div><div class=\"wp-block-getwid-section__foreground\"><\/div><\/div><div class=\"wp-block-getwid-section__content\"><div class=\"wp-block-getwid-section__inner-content\">\n<div class=\"wp-block-getwid-button-group getwid-anim fadeInUpShort\"><div class=\"wp-block-getwid-button-group__wrapper has-alignment-center\">\n<div class=\"wp-block-button alignleft has-custom-width wp-block-button__width-25\"><a class=\"wp-block-button__link has-wpbf-palette-color-2-color has-wpbf-palette-color-3-background-color has-text-color has-background wp-element-button\" href=\"https:\/\/osiedle-wiklinowe.pl\/\" style=\"border-radius:100px\">Strona<\/a><\/div>\n\n\n\n<div class=\"wp-block-button has-custom-width wp-block-button__width-25\"><a class=\"wp-block-button__link has-wpbf-palette-color-2-color has-wpbf-palette-color-3-background-color has-text-color has-background wp-element-button\" href=\"https:\/\/osiedle-wiklinowe.pl\/wp-content\/uploads\/2022\/03\/Katalog-OW-web-3.pdf\" style=\"border-radius:100px\" target=\"_blank\" rel=\"noreferrer noopener\">Katalog<\/a><\/div>\n\n\n\n<div class=\"wp-block-button has-custom-width wp-block-button__width-25\"><a class=\"wp-block-button__link has-wpbf-palette-color-2-color has-wpbf-palette-color-3-background-color has-text-color has-background wp-element-button\" href=\"https:\/\/budownictwokujawy.pl\/new\/mieszkania\/karty-mieszkan\/?inwestycja=Osiedle%20Wiklinowe\" style=\"border-radius:100px\">Karty mieszka\u0144<\/a><\/div>\n\n\n\n<div class=\"wp-block-button has-custom-width wp-block-button__width-25\"><a class=\"wp-block-button__link has-wpbf-palette-color-2-color has-wpbf-palette-color-3-background-color has-text-color has-background wp-element-button\" href=\"https:\/\/www.facebook.com\/OsiedleWiklinowe\" style=\"border-radius:100px\" target=\"_blank\" rel=\"noreferrer noopener\">Facebook<\/a><\/div>\n<\/div><\/div>\n<\/div><\/div><\/div><\/div><\/div>\n\n\n\n<div class=\"wp-block-getwid-section alignfull icons getwid-anim fadeInUpShort alignfull\"><div class=\"wp-block-getwid-section__wrapper getwid-padding-top-normal\"><div class=\"wp-block-getwid-section__inner-wrapper\"><div class=\"wp-block-getwid-section__background-holder\"><div class=\"wp-block-getwid-section__background\"><\/div><div class=\"wp-block-getwid-section__foreground\"><\/div><\/div><div class=\"wp-block-getwid-section__content\"><div class=\"wp-block-getwid-section__inner-content\">\n<div class=\"is-layout-flex wp-container-13 wp-block-columns\">\n<div class=\"is-layout-flow wp-block-column\"><\/div>\n\n\n\n<div class=\"is-layout-flow wp-block-column\">\n<figure class=\"wp-block-image aligncenter size-large is-resized\"><img decoding=\"async\" src=\"https:\/\/budownictwokujawy.pl\/new\/wp-content\/uploads\/2023\/01\/wszytskie-piktogramy-budownictwo-kujawy-30.svg\" alt=\"zabudowa szeregowa\" class=\"wp-image-1402\" width=\"150\" height=\"60\"\/><figcaption class=\"wp-element-caption\"><mark style=\"background-color:rgba(0, 0, 0, 0)\" class=\"has-inline-color has-wpbf-palette-color-3-color\">zabudowa szeregowa<\/mark><\/figcaption><\/figure>\n<\/div>\n\n\n\n<div class=\"is-layout-flow wp-block-column\">\n<figure class=\"wp-block-image aligncenter size-large is-resized\"><img decoding=\"async\" src=\"https:\/\/budownictwokujawy.pl\/new\/wp-content\/uploads\/2023\/01\/wszytskie-piktogramy-budownictwo-kujawy-43.svg\" alt=\"przestronny parking\" class=\"wp-image-1398\" width=\"150\" height=\"60\"\/><figcaption class=\"wp-element-caption\"><mark style=\"background-color:rgba(0, 0, 0, 0)\" class=\"has-inline-color has-wpbf-palette-color-3-color\">przestronny parking<\/mark><\/figcaption><\/figure>\n<\/div>\n\n\n\n<div class=\"is-layout-flow wp-block-column\">\n<figure class=\"wp-block-image aligncenter size-large is-resized\"><img decoding=\"async\" src=\"https:\/\/budownictwokujawy.pl\/new\/wp-content\/uploads\/2023\/01\/wszytskie-piktogramy-budownictwo-kujawy-35.svg\" alt=\"dogodna lokalizacja\" class=\"wp-image-1390\" width=\"150\" height=\"60\"\/><figcaption class=\"wp-element-caption\"><mark style=\"background-color:rgba(0, 0, 0, 0)\" class=\"has-inline-color has-wpbf-palette-color-3-color\">dogodna lokalizacja<\/mark><\/figcaption><\/figure>\n<\/div>\n\n\n\n<div class=\"is-layout-flow wp-block-column\">\n<figure class=\"wp-block-image aligncenter size-large is-resized\"><img decoding=\"async\" src=\"https:\/\/budownictwokujawy.pl\/new\/wp-content\/uploads\/2023\/01\/wszytskie-piktogramy-budownictwo-kujawy-38.svg\" alt=\"mieszkania z ogr\u00f3dkami\" class=\"wp-image-1393\" width=\"150\" height=\"60\"\/><figcaption class=\"wp-element-caption\"><mark style=\"background-color:rgba(0, 0, 0, 0)\" class=\"has-inline-color has-wpbf-palette-color-3-color\">mieszkania z ogr\u00f3dkami<\/mark><\/figcaption><\/figure>\n<\/div>\n\n\n\n<div class=\"is-layout-flow wp-block-column\"><\/div>\n<\/div>\n<\/div><\/div><\/div><\/div><\/div>\n\n\n\n<div class=\"wp-block-getwid-section alignfull alignfull\"><div class=\"wp-block-getwid-section__wrapper getwid-padding-mobile-left-normal getwid-padding-mobile-right-normal\"><div class=\"wp-block-getwid-section__inner-wrapper\"><div class=\"wp-block-getwid-section__background-holder\"><div class=\"wp-block-getwid-section__background\"><\/div><div class=\"wp-block-getwid-section__foreground\"><\/div><\/div><div class=\"wp-block-getwid-section__content\"><div class=\"wp-block-getwid-section__inner-content\">\n<div class=\"wp-block-getwid-images-slider getwid-anim fadeInUpShort has-arrows-outside has-dots-none is-carousel has-slides-gap-normal has-images-center has-cropped-images\"><div class=\"wp-block-getwid-images-slider__wrapper\" data-effect=\"slide\" data-slides-show=\"2\" data-slides-show-laptop=\"2\" data-slides-show-tablet=\"2\" data-slides-show-mobile=\"1\" data-slides-scroll=\"1\" data-autoplay=\"false\" data-autoplay-speed=\"6000\" data-infinite=\"true\" data-animation-speed=\"800\" data-center-mode=\"false\" data-variable-width=\"false\" data-arrows=\"outside\" data-dots=\"none\" data-spacing=\"normal\"><div class=\"wp-block-getwid-images-slider__item\"><a  class=\"glightbox\" href=\"https:\/\/budownictwokujawy.pl\/new\/wp-content\/uploads\/2023\/01\/wiklinowa-1.jpg\"><figure><img decoding=\"async\" width=\"798\" height=\"621\" src=\"https:\/\/budownictwokujawy.pl\/new\/wp-content\/uploads\/2023\/01\/wiklinowa-1.jpg\" data-id=\"1848\" data-link=\"https:\/\/budownictwokujawy.pl\/new\/mieszkania\/osiedle-wiklinowe\/wiklinowa-1\/\" data-original-link=\"https:\/\/budownictwokujawy.pl\/new\/wp-content\/uploads\/2023\/01\/wiklinowa-1.jpg\" class=\"wp-block-getwid-images-slider__image wp-image-1848\" srcset=\"https:\/\/budownictwokujawy.pl\/new\/wp-content\/uploads\/2023\/01\/wiklinowa-1.jpg 798w, https:\/\/budownictwokujawy.pl\/new\/wp-content\/uploads\/2023\/01\/wiklinowa-1-300x233.jpg 300w, https:\/\/budownictwokujawy.pl\/new\/wp-content\/uploads\/2023\/01\/wiklinowa-1-768x598.jpg 768w\" sizes=\"(max-width: 798px) 100vw, 798px\" \/><\/figure><\/a><\/div><div class=\"wp-block-getwid-images-slider__item\"><a  class=\"glightbox\" href=\"https:\/\/budownictwokujawy.pl\/new\/wp-content\/uploads\/2023\/01\/wiklinowa-3.jpg\"><figure><img decoding=\"async\" width=\"798\" height=\"621\" src=\"https:\/\/budownictwokujawy.pl\/new\/wp-content\/uploads\/2023\/01\/wiklinowa-3.jpg\" data-id=\"1850\" data-link=\"https:\/\/budownictwokujawy.pl\/new\/mieszkania\/osiedle-wiklinowe\/wiklinowa-3\/\" data-original-link=\"https:\/\/budownictwokujawy.pl\/new\/wp-content\/uploads\/2023\/01\/wiklinowa-3.jpg\" class=\"wp-block-getwid-images-slider__image wp-image-1850\" srcset=\"https:\/\/budownictwokujawy.pl\/new\/wp-content\/uploads\/2023\/01\/wiklinowa-3.jpg 798w, https:\/\/budownictwokujawy.pl\/new\/wp-content\/uploads\/2023\/01\/wiklinowa-3-300x233.jpg 300w, https:\/\/budownictwokujawy.pl\/new\/wp-content\/uploads\/2023\/01\/wiklinowa-3-768x598.jpg 768w\" sizes=\"(max-width: 798px) 100vw, 798px\" \/><\/figure><\/a><\/div><div class=\"wp-block-getwid-images-slider__item\"><a  class=\"glightbox\" href=\"https:\/\/budownictwokujawy.pl\/new\/wp-content\/uploads\/2023\/01\/wiklinowa-2.jpg\"><figure><img decoding=\"async\" width=\"799\" height=\"621\" src=\"https:\/\/budownictwokujawy.pl\/new\/wp-content\/uploads\/2023\/01\/wiklinowa-2.jpg\" data-id=\"1851\" data-link=\"https:\/\/budownictwokujawy.pl\/new\/mieszkania\/osiedle-wiklinowe\/wiklinowa-2\/\" data-original-link=\"https:\/\/budownictwokujawy.pl\/new\/wp-content\/uploads\/2023\/01\/wiklinowa-2.jpg\" class=\"wp-block-getwid-images-slider__image wp-image-1851\" srcset=\"https:\/\/budownictwokujawy.pl\/new\/wp-content\/uploads\/2023\/01\/wiklinowa-2.jpg 799w, https:\/\/budownictwokujawy.pl\/new\/wp-content\/uploads\/2023\/01\/wiklinowa-2-300x233.jpg 300w, https:\/\/budownictwokujawy.pl\/new\/wp-content\/uploads\/2023\/01\/wiklinowa-2-768x597.jpg 768w\" sizes=\"(max-width: 799px) 100vw, 799px\" \/><\/figure><\/a><\/div><\/div><\/div>\n<\/div><\/div><\/div><\/div><\/div>\n","protected":false},"excerpt":{"rendered":"","protected":false},"author":1,"featured_media":1540,"parent":19,"menu_order":0,"comment_status":"closed","ping_status":"closed","template":"","meta":{"inline_featured_image":false},"aioseo_notices":[],"_links":{"self":[{"href":"https:\/\/budownictwokujawy.pl\/new\/wp-json\/wp\/v2\/pages\/1243"}],"collection":[{"href":"https:\/\/budownictwokujawy.pl\/new\/wp-json\/wp\/v2\/pages"}],"about":[{"href":"https:\/\/budownictwokujawy.pl\/new\/wp-json\/wp\/v2\/types\/page"}],"author":[{"embeddable":true,"href":"https:\/\/budownictwokujawy.pl\/new\/wp-json\/wp\/v2\/users\/1"}],"replies":[{"embeddable":true,"href":"https:\/\/budownictwokujawy.pl\/new\/wp-json\/wp\/v2\/comments?post=1243"}],"version-history":[{"count":17,"href":"https:\/\/budownictwokujawy.pl\/new\/wp-json\/wp\/v2\/pages\/1243\/revisions"}],"predecessor-version":[{"id":2260,"href":"https:\/\/budownictwokujawy.pl\/new\/wp-json\/wp\/v2\/pages\/1243\/revisions\/2260"}],"up":[{"embeddable":true,"href":"https:\/\/budownictwokujawy.pl\/new\/wp-json\/wp\/v2\/pages\/19"}],"wp:featuredmedia":[{"embeddable":true,"href":"https:\/\/budownictwokujawy.pl\/new\/wp-json\/wp\/v2\/media\/1540"}],"wp:attachment":[{"href":"https:\/\/budownictwokujawy.pl\/new\/wp-json\/wp\/v2\/media?parent=1243"}],"curies":[{"name":"wp","href":"https:\/\/api.w.org\/{rel}","templated":true}]}}