{"id":1179,"date":"2023-01-18T20:10:59","date_gmt":"2023-01-18T20:10:59","guid":{"rendered":"https:\/\/budownictwokujawy.pl\/new\/?page_id=1179"},"modified":"2023-02-02T16:53:00","modified_gmt":"2023-02-02T16:53:00","slug":"dla-biznesu","status":"publish","type":"page","link":"https:\/\/budownictwokujawy.pl\/new\/dla-biznesu\/","title":{"rendered":"Dla biznesu"},"content":{"rendered":"\n<div class=\"wp-block-getwid-section alignfull margin-minus-biznes alignfull\"><div class=\"wp-block-getwid-section__wrapper\" style=\"min-height:50vh\"><div class=\"wp-block-getwid-section__inner-wrapper\"><div class=\"wp-block-getwid-section__background-holder\"><div class=\"wp-block-getwid-section__background has-background has-wpbf-palette-color-8-background-color\"><\/div><div class=\"wp-block-getwid-section__foreground\" style=\"background-image:url('https:\/\/budownictwokujawy.pl\/new\/wp-content\/uploads\/2023\/01\/BANER-DLA-BIZNESU.png');background-position:top right;background-attachment:scroll;background-size:contain\"><\/div><\/div><div class=\"wp-block-getwid-section__content\"><div class=\"wp-block-getwid-section__inner-content\">\n<div class=\"is-layout-flex wp-container-3 wp-block-columns\">\n<div class=\"is-layout-flow wp-container-1 wp-block-column is-vertically-aligned-center getwid-anim fadeInUpShort\" style=\"flex-basis:45%\">\n<div class=\"wp-block-getwid-advanced-spacer getwid-hide-desktop getwid-hide-tablet\" style=\"height:26vh\" aria-hidden=\"true\"><\/div>\n\n\n\n<div class=\"wp-block-getwid-advanced-heading has-custom-font-size fs-mobile-50\" style=\"font-size:3em\"><h2 class=\"wp-block-getwid-advanced-heading__content\">Wsp\u00f3\u0142praca<\/h2><\/div>\n\n\n\n<div class=\"wp-block-getwid-advanced-heading has-custom-font-size\" style=\"font-size:14px\"><p class=\"wp-block-getwid-advanced-heading__content\">Wieloletnie do\u015bwiadczenie pozwoli\u0142o nam zdoby\u0107 znacz\u0105c\u0105 pozycj\u0119 na lokalnym rynku budowlanym. Budownictwo Kujawy jest jednym z g\u0142\u00f3wnych wykonawc\u00f3w wielkopowierzchniowym sklep\u00f3w i innych u\u017cytkowych obiekt\u00f3w komercyjnych na terenie wojew\u00f3dztwa kujawsko-pomorskiego.<br>&nbsp;<br>Posiadamy w\u0142asne zaplecze sprz\u0119towe (m.in. d\u017awigi, koparki). Wsp\u00f3\u0142praca z nami zapewnia kompleksowe us\u0142ugi budowlane. <a href=\"#Kontakt\" data-type=\"internal\" data-id=\"#Kontakt\">Jeste\u015b zainteresowany wsp\u00f3\u0142prac\u0105? Skontaktuj si\u0119 z nami!<\/a><\/p><\/div>\n\n\n\n<div class=\"wp-block-getwid-button-group\"><div class=\"wp-block-getwid-button-group__wrapper\">\n<div class=\"wp-block-button has-custom-width wp-block-button__width-50 is-style-fill\"><a class=\"wp-block-button__link has-wpbf-palette-color-2-color has-wpbf-palette-color-3-background-color has-text-color has-background wp-element-button\" href=\"#Kontakt\" style=\"border-radius:100px\">Kontakt<\/a><\/div>\n<\/div><\/div>\n<\/div>\n\n\n\n<div class=\"is-layout-flow wp-block-column\"><\/div>\n<\/div>\n<\/div><\/div><\/div><\/div><\/div>\n\n\n\n<div class=\"wp-block-getwid-section getwid-anim fadeInUpShort alignfull alignfull\"><div class=\"wp-block-getwid-section__wrapper getwid-padding-top-large getwid-padding-bottom-large getwid-padding-mobile-bottom-none getwid-padding-mobile-left-normal getwid-padding-mobile-right-normal\"><div class=\"wp-block-getwid-section__inner-wrapper\"><div class=\"wp-block-getwid-section__background-holder\"><div class=\"wp-block-getwid-section__background\"><\/div><div class=\"wp-block-getwid-section__foreground\"><\/div><\/div><div class=\"wp-block-getwid-section__content\"><div class=\"wp-block-getwid-section__inner-content\">\n<div class=\"wp-block-getwid-images-slider has-arrows-outside has-dots-none is-carousel has-slides-gap-huge has-images-center has-fitted-images has-fixed-height\"><div class=\"wp-block-getwid-images-slider__wrapper\" data-effect=\"slide\" data-slides-show=\"7\" data-slides-show-laptop=\"5\" data-slides-show-tablet=\"3\" data-slides-show-mobile=\"3\" data-slides-scroll=\"2\" data-autoplay=\"false\" data-autoplay-speed=\"6000\" data-infinite=\"true\" data-animation-speed=\"800\" data-center-mode=\"false\" data-variable-width=\"false\" data-arrows=\"outside\" data-dots=\"none\" data-spacing=\"huge\"><div class=\"wp-block-getwid-images-slider__item\" style=\"height:50px\"><figure><img decoding=\"async\" width=\"461\" height=\"207\" src=\"https:\/\/budownictwokujawy.pl\/new\/wp-content\/uploads\/2023\/01\/biedronka_2.png\" data-id=\"1188\" data-link=\"https:\/\/budownictwokujawy.pl\/new\/dla-biznesu\/biedronka_2\/\" data-original-link=\"https:\/\/budownictwokujawy.pl\/new\/wp-content\/uploads\/2023\/01\/biedronka_2.png\" class=\"wp-block-getwid-images-slider__image wp-image-1188\" srcset=\"https:\/\/budownictwokujawy.pl\/new\/wp-content\/uploads\/2023\/01\/biedronka_2.png 461w, https:\/\/budownictwokujawy.pl\/new\/wp-content\/uploads\/2023\/01\/biedronka_2-300x135.png 300w\" sizes=\"(max-width: 461px) 100vw, 461px\" \/><\/figure><\/div><div class=\"wp-block-getwid-images-slider__item\" style=\"height:50px\"><figure><img decoding=\"async\" width=\"207\" height=\"207\" src=\"https:\/\/budownictwokujawy.pl\/new\/wp-content\/uploads\/2023\/01\/lidl2.png\" data-id=\"1189\" data-link=\"https:\/\/budownictwokujawy.pl\/new\/dla-biznesu\/lidl2\/\" data-original-link=\"https:\/\/budownictwokujawy.pl\/new\/wp-content\/uploads\/2023\/01\/lidl2.png\" class=\"wp-block-getwid-images-slider__image wp-image-1189\" srcset=\"https:\/\/budownictwokujawy.pl\/new\/wp-content\/uploads\/2023\/01\/lidl2.png 207w, https:\/\/budownictwokujawy.pl\/new\/wp-content\/uploads\/2023\/01\/lidl2-150x150.png 150w\" sizes=\"(max-width: 207px) 100vw, 207px\" \/><\/figure><\/div><div class=\"wp-block-getwid-images-slider__item\" style=\"height:50px\"><figure><img decoding=\"async\" width=\"220\" height=\"125\" src=\"https:\/\/budownictwokujawy.pl\/new\/wp-content\/uploads\/2023\/01\/pkp.png\" data-id=\"1193\" data-link=\"https:\/\/budownictwokujawy.pl\/new\/dla-biznesu\/pkp\/\" data-original-link=\"https:\/\/budownictwokujawy.pl\/new\/wp-content\/uploads\/2023\/01\/pkp.png\" class=\"wp-block-getwid-images-slider__image wp-image-1193\"\/><\/figure><\/div><div class=\"wp-block-getwid-images-slider__item\" style=\"height:50px\"><figure><img decoding=\"async\" width=\"220\" height=\"125\" src=\"https:\/\/budownictwokujawy.pl\/new\/wp-content\/uploads\/2023\/01\/nauca.png\" data-id=\"1191\" data-link=\"https:\/\/budownictwokujawy.pl\/new\/dla-biznesu\/nauca\/\" data-original-link=\"https:\/\/budownictwokujawy.pl\/new\/wp-content\/uploads\/2023\/01\/nauca.png\" class=\"wp-block-getwid-images-slider__image wp-image-1191\"\/><\/figure><\/div><div class=\"wp-block-getwid-images-slider__item\" style=\"height:50px\"><figure><img decoding=\"async\" width=\"392\" height=\"125\" src=\"https:\/\/budownictwokujawy.pl\/new\/wp-content\/uploads\/2023\/01\/nova-metale.png\" data-id=\"1192\" data-link=\"https:\/\/budownictwokujawy.pl\/new\/dla-biznesu\/nova-metale-2\/\" data-original-link=\"https:\/\/budownictwokujawy.pl\/new\/wp-content\/uploads\/2023\/01\/nova-metale.png\" class=\"wp-block-getwid-images-slider__image wp-image-1192\" srcset=\"https:\/\/budownictwokujawy.pl\/new\/wp-content\/uploads\/2023\/01\/nova-metale.png 392w, https:\/\/budownictwokujawy.pl\/new\/wp-content\/uploads\/2023\/01\/nova-metale-300x96.png 300w\" sizes=\"(max-width: 392px) 100vw, 392px\" \/><\/figure><\/div><div class=\"wp-block-getwid-images-slider__item\" style=\"height:50px\"><figure><img decoding=\"async\" width=\"174\" height=\"125\" src=\"https:\/\/budownictwokujawy.pl\/new\/wp-content\/uploads\/2023\/01\/agrii.png\" data-id=\"1187\" data-link=\"https:\/\/budownictwokujawy.pl\/new\/dla-biznesu\/agrii\/\" data-original-link=\"https:\/\/budownictwokujawy.pl\/new\/wp-content\/uploads\/2023\/01\/agrii.png\" class=\"wp-block-getwid-images-slider__image wp-image-1187\"\/><\/figure><\/div><div class=\"wp-block-getwid-images-slider__item\" style=\"height:50px\"><figure><img decoding=\"async\" width=\"282\" height=\"207\" src=\"https:\/\/budownictwokujawy.pl\/new\/wp-content\/uploads\/2023\/01\/mosir.png\" data-id=\"1190\" data-link=\"https:\/\/budownictwokujawy.pl\/new\/dla-biznesu\/mosir\/\" data-original-link=\"https:\/\/budownictwokujawy.pl\/new\/wp-content\/uploads\/2023\/01\/mosir.png\" class=\"wp-block-getwid-images-slider__image wp-image-1190\"\/><\/figure><\/div><div class=\"wp-block-getwid-images-slider__item\" style=\"height:50px\"><figure><img decoding=\"async\" width=\"371\" height=\"213\" src=\"https:\/\/budownictwokujawy.pl\/new\/wp-content\/uploads\/2023\/02\/BETOR.png\" data-id=\"2184\" data-link=\"https:\/\/budownictwokujawy.pl\/new\/dla-biznesu\/betor\/\" data-original-link=\"https:\/\/budownictwokujawy.pl\/new\/wp-content\/uploads\/2023\/02\/BETOR.png\" class=\"wp-block-getwid-images-slider__image wp-image-2184\" srcset=\"https:\/\/budownictwokujawy.pl\/new\/wp-content\/uploads\/2023\/02\/BETOR.png 371w, https:\/\/budownictwokujawy.pl\/new\/wp-content\/uploads\/2023\/02\/BETOR-300x172.png 300w\" sizes=\"(max-width: 371px) 100vw, 371px\" \/><\/figure><\/div><div class=\"wp-block-getwid-images-slider__item\" style=\"height:50px\"><figure><img decoding=\"async\" width=\"269\" height=\"207\" src=\"https:\/\/budownictwokujawy.pl\/new\/wp-content\/uploads\/2023\/02\/ALTOM.png\" data-id=\"2185\" data-link=\"https:\/\/budownictwokujawy.pl\/new\/dla-biznesu\/altom\/\" data-original-link=\"https:\/\/budownictwokujawy.pl\/new\/wp-content\/uploads\/2023\/02\/ALTOM.png\" class=\"wp-block-getwid-images-slider__image wp-image-2185\"\/><\/figure><\/div><div class=\"wp-block-getwid-images-slider__item\" style=\"height:50px\"><figure><img decoding=\"async\" width=\"461\" height=\"207\" src=\"https:\/\/budownictwokujawy.pl\/new\/wp-content\/uploads\/2023\/02\/BOKARO.png\" data-id=\"2186\" data-link=\"https:\/\/budownictwokujawy.pl\/new\/dla-biznesu\/bokaro\/\" data-original-link=\"https:\/\/budownictwokujawy.pl\/new\/wp-content\/uploads\/2023\/02\/BOKARO.png\" class=\"wp-block-getwid-images-slider__image wp-image-2186\" srcset=\"https:\/\/budownictwokujawy.pl\/new\/wp-content\/uploads\/2023\/02\/BOKARO.png 461w, https:\/\/budownictwokujawy.pl\/new\/wp-content\/uploads\/2023\/02\/BOKARO-300x135.png 300w\" sizes=\"(max-width: 461px) 100vw, 461px\" \/><\/figure><\/div><div class=\"wp-block-getwid-images-slider__item\" style=\"height:50px\"><figure><img decoding=\"async\" width=\"215\" height=\"207\" src=\"https:\/\/budownictwokujawy.pl\/new\/wp-content\/uploads\/2023\/02\/EM3DACH.png\" data-id=\"2187\" data-link=\"https:\/\/budownictwokujawy.pl\/new\/dla-biznesu\/em3dach\/\" data-original-link=\"https:\/\/budownictwokujawy.pl\/new\/wp-content\/uploads\/2023\/02\/EM3DACH.png\" class=\"wp-block-getwid-images-slider__image wp-image-2187\"\/><\/figure><\/div><div class=\"wp-block-getwid-images-slider__item\" style=\"height:50px\"><figure><img decoding=\"async\" width=\"163\" height=\"207\" src=\"https:\/\/budownictwokujawy.pl\/new\/wp-content\/uploads\/2023\/02\/JR-INVEST.png\" data-id=\"2188\" data-link=\"https:\/\/budownictwokujawy.pl\/new\/dla-biznesu\/jr-invest\/\" data-original-link=\"https:\/\/budownictwokujawy.pl\/new\/wp-content\/uploads\/2023\/02\/JR-INVEST.png\" class=\"wp-block-getwid-images-slider__image wp-image-2188\"\/><\/figure><\/div><div class=\"wp-block-getwid-images-slider__item\" style=\"height:50px\"><figure><img decoding=\"async\" width=\"357\" height=\"207\" src=\"https:\/\/budownictwokujawy.pl\/new\/wp-content\/uploads\/2023\/02\/KOBYLARNIA.png\" data-id=\"2189\" data-link=\"https:\/\/budownictwokujawy.pl\/new\/dla-biznesu\/kobylarnia\/\" data-original-link=\"https:\/\/budownictwokujawy.pl\/new\/wp-content\/uploads\/2023\/02\/KOBYLARNIA.png\" class=\"wp-block-getwid-images-slider__image wp-image-2189\" srcset=\"https:\/\/budownictwokujawy.pl\/new\/wp-content\/uploads\/2023\/02\/KOBYLARNIA.png 357w, https:\/\/budownictwokujawy.pl\/new\/wp-content\/uploads\/2023\/02\/KOBYLARNIA-300x174.png 300w\" sizes=\"(max-width: 357px) 100vw, 357px\" \/><\/figure><\/div><div class=\"wp-block-getwid-images-slider__item\" style=\"height:50px\"><figure><img decoding=\"async\" width=\"461\" height=\"207\" src=\"https:\/\/budownictwokujawy.pl\/new\/wp-content\/uploads\/2023\/02\/MEIBEN.png\" data-id=\"2190\" data-link=\"https:\/\/budownictwokujawy.pl\/new\/dla-biznesu\/meiben\/\" data-original-link=\"https:\/\/budownictwokujawy.pl\/new\/wp-content\/uploads\/2023\/02\/MEIBEN.png\" class=\"wp-block-getwid-images-slider__image wp-image-2190\" srcset=\"https:\/\/budownictwokujawy.pl\/new\/wp-content\/uploads\/2023\/02\/MEIBEN.png 461w, https:\/\/budownictwokujawy.pl\/new\/wp-content\/uploads\/2023\/02\/MEIBEN-300x135.png 300w\" sizes=\"(max-width: 461px) 100vw, 461px\" \/><\/figure><\/div><div class=\"wp-block-getwid-images-slider__item\" style=\"height:50px\"><figure><img decoding=\"async\" width=\"347\" height=\"207\" src=\"https:\/\/budownictwokujawy.pl\/new\/wp-content\/uploads\/2023\/02\/STRABAG.png\" data-id=\"2191\" data-link=\"https:\/\/budownictwokujawy.pl\/new\/dla-biznesu\/strabag\/\" data-original-link=\"https:\/\/budownictwokujawy.pl\/new\/wp-content\/uploads\/2023\/02\/STRABAG.png\" class=\"wp-block-getwid-images-slider__image wp-image-2191\" srcset=\"https:\/\/budownictwokujawy.pl\/new\/wp-content\/uploads\/2023\/02\/STRABAG.png 347w, https:\/\/budownictwokujawy.pl\/new\/wp-content\/uploads\/2023\/02\/STRABAG-300x179.png 300w\" sizes=\"(max-width: 347px) 100vw, 347px\" \/><\/figure><\/div><div class=\"wp-block-getwid-images-slider__item\" style=\"height:50px\"><figure><img decoding=\"async\" width=\"183\" height=\"207\" src=\"https:\/\/budownictwokujawy.pl\/new\/wp-content\/uploads\/2023\/02\/YORK.png\" data-id=\"2192\" data-link=\"https:\/\/budownictwokujawy.pl\/new\/dla-biznesu\/york\/\" data-original-link=\"https:\/\/budownictwokujawy.pl\/new\/wp-content\/uploads\/2023\/02\/YORK.png\" class=\"wp-block-getwid-images-slider__image wp-image-2192\"\/><\/figure><\/div><\/div><\/div>\n<\/div><\/div><\/div><\/div><\/div>\n\n\n\n<div class=\"wp-block-getwid-section alignfull getwid-anim fadeInUpShort alignfull\"><div class=\"wp-block-getwid-section__wrapper getwid-padding-top-large getwid-padding-bottom-large getwid-padding-mobile-left-normal getwid-padding-mobile-right-normal\"><div class=\"wp-block-getwid-section__inner-wrapper\"><div class=\"wp-block-getwid-section__background-holder\"><div class=\"wp-block-getwid-section__background\"><\/div><div class=\"wp-block-getwid-section__foreground\"><\/div><\/div><div class=\"wp-block-getwid-section__content\"><div class=\"wp-block-getwid-section__inner-content\">\n<div class=\"wp-block-getwid-images-slider has-arrows-outside has-dots-none is-carousel has-slides-gap-normal has-images-center has-cropped-images\"><div class=\"wp-block-getwid-images-slider__wrapper\" data-effect=\"slide\" data-slides-show=\"2\" data-slides-show-laptop=\"2\" data-slides-show-tablet=\"2\" data-slides-show-mobile=\"2\" data-slides-scroll=\"1\" data-autoplay=\"false\" data-autoplay-speed=\"6000\" data-infinite=\"true\" data-animation-speed=\"800\" data-center-mode=\"false\" data-variable-width=\"false\" data-arrows=\"outside\" data-dots=\"none\" data-spacing=\"normal\"><div class=\"wp-block-getwid-images-slider__item\"><a  class=\"glightbox\" href=\"https:\/\/budownictwokujawy.pl\/new\/wp-content\/uploads\/2023\/01\/Neuca_07.jpg\"><figure><img decoding=\"async\" width=\"798\" height=\"621\" src=\"https:\/\/budownictwokujawy.pl\/new\/wp-content\/uploads\/2023\/01\/Neuca_07.jpg\" data-id=\"1204\" data-link=\"https:\/\/budownictwokujawy.pl\/new\/wspolpraca\/neuca_07-2\/\" data-original-link=\"https:\/\/budownictwokujawy.pl\/new\/wp-content\/uploads\/2023\/01\/Neuca_07.jpg\" class=\"wp-block-getwid-images-slider__image wp-image-1204\" srcset=\"https:\/\/budownictwokujawy.pl\/new\/wp-content\/uploads\/2023\/01\/Neuca_07.jpg 798w, https:\/\/budownictwokujawy.pl\/new\/wp-content\/uploads\/2023\/01\/Neuca_07-300x233.jpg 300w, https:\/\/budownictwokujawy.pl\/new\/wp-content\/uploads\/2023\/01\/Neuca_07-768x598.jpg 768w\" sizes=\"(max-width: 798px) 100vw, 798px\" \/><\/figure><\/a><\/div><div class=\"wp-block-getwid-images-slider__item\"><a  class=\"glightbox\" href=\"https:\/\/budownictwokujawy.pl\/new\/wp-content\/uploads\/2023\/01\/Nova-Metale_03.jpg\"><figure><img decoding=\"async\" width=\"799\" height=\"621\" src=\"https:\/\/budownictwokujawy.pl\/new\/wp-content\/uploads\/2023\/01\/Nova-Metale_03.jpg\" data-id=\"1205\" data-link=\"https:\/\/budownictwokujawy.pl\/new\/wspolpraca\/nova-metale_03-2\/\" data-original-link=\"https:\/\/budownictwokujawy.pl\/new\/wp-content\/uploads\/2023\/01\/Nova-Metale_03.jpg\" class=\"wp-block-getwid-images-slider__image wp-image-1205\" srcset=\"https:\/\/budownictwokujawy.pl\/new\/wp-content\/uploads\/2023\/01\/Nova-Metale_03.jpg 799w, https:\/\/budownictwokujawy.pl\/new\/wp-content\/uploads\/2023\/01\/Nova-Metale_03-300x233.jpg 300w, https:\/\/budownictwokujawy.pl\/new\/wp-content\/uploads\/2023\/01\/Nova-Metale_03-768x597.jpg 768w\" sizes=\"(max-width: 799px) 100vw, 799px\" \/><\/figure><\/a><\/div><div class=\"wp-block-getwid-images-slider__item\"><a  class=\"glightbox\" href=\"https:\/\/budownictwokujawy.pl\/new\/wp-content\/uploads\/2023\/01\/Solec-PKP_1_09.jpg\"><figure><img decoding=\"async\" width=\"798\" height=\"621\" src=\"https:\/\/budownictwokujawy.pl\/new\/wp-content\/uploads\/2023\/01\/Solec-PKP_1_09.jpg\" data-id=\"1200\" data-link=\"https:\/\/budownictwokujawy.pl\/new\/wspolpraca\/solec-pkp_1_09-2\/\" data-original-link=\"https:\/\/budownictwokujawy.pl\/new\/wp-content\/uploads\/2023\/01\/Solec-PKP_1_09.jpg\" class=\"wp-block-getwid-images-slider__image wp-image-1200\" srcset=\"https:\/\/budownictwokujawy.pl\/new\/wp-content\/uploads\/2023\/01\/Solec-PKP_1_09.jpg 798w, https:\/\/budownictwokujawy.pl\/new\/wp-content\/uploads\/2023\/01\/Solec-PKP_1_09-300x233.jpg 300w, https:\/\/budownictwokujawy.pl\/new\/wp-content\/uploads\/2023\/01\/Solec-PKP_1_09-768x598.jpg 768w\" sizes=\"(max-width: 798px) 100vw, 798px\" \/><\/figure><\/a><\/div><div class=\"wp-block-getwid-images-slider__item\"><a  class=\"glightbox\" href=\"https:\/\/budownictwokujawy.pl\/new\/wp-content\/uploads\/2023\/01\/Aqua_26.jpg\"><figure><img decoding=\"async\" width=\"798\" height=\"621\" src=\"https:\/\/budownictwokujawy.pl\/new\/wp-content\/uploads\/2023\/01\/Aqua_26.jpg\" data-id=\"1201\" data-link=\"https:\/\/budownictwokujawy.pl\/new\/wspolpraca\/aqua_26-2\/\" data-original-link=\"https:\/\/budownictwokujawy.pl\/new\/wp-content\/uploads\/2023\/01\/Aqua_26.jpg\" class=\"wp-block-getwid-images-slider__image wp-image-1201\" srcset=\"https:\/\/budownictwokujawy.pl\/new\/wp-content\/uploads\/2023\/01\/Aqua_26.jpg 798w, https:\/\/budownictwokujawy.pl\/new\/wp-content\/uploads\/2023\/01\/Aqua_26-300x233.jpg 300w, https:\/\/budownictwokujawy.pl\/new\/wp-content\/uploads\/2023\/01\/Aqua_26-768x598.jpg 768w\" sizes=\"(max-width: 798px) 100vw, 798px\" \/><\/figure><\/a><\/div><div class=\"wp-block-getwid-images-slider__item\"><a  class=\"glightbox\" href=\"https:\/\/budownictwokujawy.pl\/new\/wp-content\/uploads\/2023\/01\/Lidl_03.jpg\"><figure><img decoding=\"async\" width=\"798\" height=\"621\" src=\"https:\/\/budownictwokujawy.pl\/new\/wp-content\/uploads\/2023\/01\/Lidl_03.jpg\" data-id=\"1203\" data-link=\"https:\/\/budownictwokujawy.pl\/new\/wspolpraca\/lidl_03-2\/\" data-original-link=\"https:\/\/budownictwokujawy.pl\/new\/wp-content\/uploads\/2023\/01\/Lidl_03.jpg\" class=\"wp-block-getwid-images-slider__image wp-image-1203\" srcset=\"https:\/\/budownictwokujawy.pl\/new\/wp-content\/uploads\/2023\/01\/Lidl_03.jpg 798w, https:\/\/budownictwokujawy.pl\/new\/wp-content\/uploads\/2023\/01\/Lidl_03-300x233.jpg 300w, https:\/\/budownictwokujawy.pl\/new\/wp-content\/uploads\/2023\/01\/Lidl_03-768x598.jpg 768w\" sizes=\"(max-width: 798px) 100vw, 798px\" \/><\/figure><\/a><\/div><div class=\"wp-block-getwid-images-slider__item\"><a  class=\"glightbox\" href=\"https:\/\/budownictwokujawy.pl\/new\/wp-content\/uploads\/2023\/01\/Kreta_25.jpg\"><figure><img decoding=\"async\" width=\"799\" height=\"621\" src=\"https:\/\/budownictwokujawy.pl\/new\/wp-content\/uploads\/2023\/01\/Kreta_25.jpg\" data-id=\"1202\" data-link=\"https:\/\/budownictwokujawy.pl\/new\/wspolpraca\/kreta_25-2\/\" data-original-link=\"https:\/\/budownictwokujawy.pl\/new\/wp-content\/uploads\/2023\/01\/Kreta_25.jpg\" class=\"wp-block-getwid-images-slider__image wp-image-1202\" srcset=\"https:\/\/budownictwokujawy.pl\/new\/wp-content\/uploads\/2023\/01\/Kreta_25.jpg 799w, https:\/\/budownictwokujawy.pl\/new\/wp-content\/uploads\/2023\/01\/Kreta_25-300x233.jpg 300w, https:\/\/budownictwokujawy.pl\/new\/wp-content\/uploads\/2023\/01\/Kreta_25-768x597.jpg 768w\" sizes=\"(max-width: 799px) 100vw, 799px\" \/><\/figure><\/a><\/div><\/div><\/div>\n<\/div><\/div><\/div><\/div><\/div>\n","protected":false},"excerpt":{"rendered":"","protected":false},"author":1,"featured_media":0,"parent":0,"menu_order":0,"comment_status":"closed","ping_status":"closed","template":"","meta":{"inline_featured_image":false},"aioseo_notices":[],"_links":{"self":[{"href":"https:\/\/budownictwokujawy.pl\/new\/wp-json\/wp\/v2\/pages\/1179"}],"collection":[{"href":"https:\/\/budownictwokujawy.pl\/new\/wp-json\/wp\/v2\/pages"}],"about":[{"href":"https:\/\/budownictwokujawy.pl\/new\/wp-json\/wp\/v2\/types\/page"}],"author":[{"embeddable":true,"href":"https:\/\/budownictwokujawy.pl\/new\/wp-json\/wp\/v2\/users\/1"}],"replies":[{"embeddable":true,"href":"https:\/\/budownictwokujawy.pl\/new\/wp-json\/wp\/v2\/comments?post=1179"}],"version-history":[{"count":40,"href":"https:\/\/budownictwokujawy.pl\/new\/wp-json\/wp\/v2\/pages\/1179\/revisions"}],"predecessor-version":[{"id":2271,"href":"https:\/\/budownictwokujawy.pl\/new\/wp-json\/wp\/v2\/pages\/1179\/revisions\/2271"}],"wp:attachment":[{"href":"https:\/\/budownictwokujawy.pl\/new\/wp-json\/wp\/v2\/media?parent=1179"}],"curies":[{"name":"wp","href":"https:\/\/api.w.org\/{rel}","templated":true}]}}